{"id":19,"date":"2018-05-01T15:01:31","date_gmt":"2018-05-01T15:01:31","guid":{"rendered":"http:\/\/newsite.gbt-logistic.com\/?page_id=19"},"modified":"2021-02-24T08:28:19","modified_gmt":"2021-02-24T07:28:19","slug":"german","status":"publish","type":"page","link":"https:\/\/hbtpl.com\/?page_id=19","title":{"rendered":"German"},"content":{"rendered":"<p>M\u00f6chten Sie durch ganz Europa reisen und wirst daf\u00fcr noch bezahlt?<\/p>\n<p>Sie sind ein guter Kraftfahrzeugfahrer?<\/p>\n<p>M\u00f6chten Sie einen Job in der EU?<\/p>\n<p>Wenn Sie dies alles m\u00f6chten, dann f\u00fcllen Sie den Fragebogen aus.<\/p>\n<p>HBT International Transporte sucht:<\/p>\n<p><strong>PROFESSIONELLE LKW-FAHRER<\/strong><strong>\u00a0<\/strong><\/p>\n<p><strong>DER IDEALE BEWERBER SOLLTE HABEN:<\/strong><\/p>\n<ul>\n<li>ADR-Zertifikat<\/li>\n<li>Digitale Fahrtenschreiberkarte<\/li>\n<li>Zertifikat f\u00fcr den Transport von allgemeinen G\u00fctern \u00fcber 7,5 t<\/li>\n<li>Reines Strafregister<\/li>\n<li>G\u00fcltiger Reisepass (mind. 6 Monate) ab Abreisedatum<\/li>\n<li>\u00c4rztliches Attest, psychologische Untersuchung, defensiver Fahrkurs (nur best\u00e4tigt von medizinischen Einrichtungen)<\/li>\n<li>Bankverbindung in Euro<\/li>\n<li>Arbeitsmedizin<\/li>\n<li>Mittlere Kenntnisse der englischen oder deutschen Sprache<\/li>\n<li>Mindestens drei Monate Fahrerfahrung in der EU, als Lkw-Fahrer, auf Sattelschlepper<\/li>\n<\/ul>\n<p><strong>LEISTUNGEN:<\/strong><\/p>\n<ul>\n<li>Monatliches Einkommen<\/li>\n<li>Arbeitsprogramm nach AETR Regeln (gem\u00e4\u00df Handbuch)<\/li>\n<li>Nach drei Monaten kann der Fahrer Urlaub beantragen<\/li>\n<li>Arbeitsvertrag auf unbegrenzte Zeit<\/li>\n<li>Der Transport des Fahrers von und nach D\u00e4nemark wird von der Firma unterst\u00fctzt<\/li>\n<\/ul>\n<p>Sie sind noch interessiert? Dann f\u00fcllen Sie den Fragebogen aus.<\/p>\n<p><strong>ACHTUNG!<\/strong><\/p>\n<p>WENN IHNEN JEMAND GELD BIETET F\u00dcR EINEN ARBEITSWECHSEL, RUFEN SIE BITTE SOFORT\u00a0 AN, DANKE.<\/p>\n","protected":false},"excerpt":{"rendered":"<p>M\u00f6chten Sie durch ganz Europa reisen und wirst daf\u00fcr noch bezahlt? Sie sind ein guter Kraftfahrzeugfahrer? M\u00f6chten Sie einen Job in der EU? Wenn Sie dies alles m\u00f6chten, dann f\u00fcllen Sie den Fragebogen aus. HBT International Transporte sucht: PROFESSIONELLE LKW-FAHRER\u00a0 DER IDEALE BEWERBER SOLLTE HABEN: ADR-Zertifikat Digitale Fahrtenschreiberkarte Zertifikat f\u00fcr den Transport von allgemeinen G\u00fctern [&hellip;]<\/p>\n","protected":false},"author":2,"featured_media":0,"parent":31,"menu_order":5,"comment_status":"closed","ping_status":"closed","template":"","meta":{"footnotes":""},"class_list":["post-19","page","type-page","status-publish","hentry"],"_links":{"self":[{"href":"https:\/\/hbtpl.com\/index.php?rest_route=\/wp\/v2\/pages\/19","targetHints":{"allow":["GET"]}}],"collection":[{"href":"https:\/\/hbtpl.com\/index.php?rest_route=\/wp\/v2\/pages"}],"about":[{"href":"https:\/\/hbtpl.com\/index.php?rest_route=\/wp\/v2\/types\/page"}],"author":[{"embeddable":true,"href":"https:\/\/hbtpl.com\/index.php?rest_route=\/wp\/v2\/users\/2"}],"replies":[{"embeddable":true,"href":"https:\/\/hbtpl.com\/index.php?rest_route=%2Fwp%2Fv2%2Fcomments&post=19"}],"version-history":[{"count":7,"href":"https:\/\/hbtpl.com\/index.php?rest_route=\/wp\/v2\/pages\/19\/revisions"}],"predecessor-version":[{"id":120,"href":"https:\/\/hbtpl.com\/index.php?rest_route=\/wp\/v2\/pages\/19\/revisions\/120"}],"up":[{"embeddable":true,"href":"https:\/\/hbtpl.com\/index.php?rest_route=\/wp\/v2\/pages\/31"}],"wp:attachment":[{"href":"https:\/\/hbtpl.com\/index.php?rest_route=%2Fwp%2Fv2%2Fmedia&parent=19"}],"curies":[{"name":"wp","href":"https:\/\/api.w.org\/{rel}","templated":true}]}}